{"id":2844,"date":"2024-03-01T12:40:03","date_gmt":"2024-03-01T15:40:03","guid":{"rendered":"https:\/\/trindadeyogahostel.com\/?page_id=2844"},"modified":"2024-03-06T11:45:54","modified_gmt":"2024-03-06T14:45:54","slug":"nossa-historia","status":"publish","type":"page","link":"https:\/\/trindadeyogahostel.com\/index.php\/pt\/nossa-historia\/","title":{"rendered":"Nossa Hist\u00f3ria"},"content":{"rendered":"\t\t<div data-elementor-type=\"wp-page\" data-elementor-id=\"2844\" class=\"elementor elementor-2844\" data-elementor-post-type=\"page\">\n\t\t\t\t<div class=\"elementor-element elementor-element-814febb e-flex e-con-boxed e-con e-parent\" data-id=\"814febb\" data-element_type=\"container\">\n\t\t\t\t\t<div class=\"e-con-inner\">\n\t\t\t\t\t<\/div>\n\t\t\t\t<\/div>\n\t\t<div class=\"elementor-element elementor-element-29e5438 e-flex e-con-boxed e-con e-parent\" data-id=\"29e5438\" data-element_type=\"container\" data-settings=\"{&quot;background_background&quot;:&quot;classic&quot;}\">\n\t\t\t\t\t<div class=\"e-con-inner\">\n\t\t<div class=\"elementor-element elementor-element-21a4720 e-con-full e-flex e-con e-child\" data-id=\"21a4720\" data-element_type=\"container\">\n\t\t\t\t<div class=\"elementor-element elementor-element-98dced3 elementor-widget elementor-widget-heading\" data-id=\"98dced3\" data-element_type=\"widget\" data-widget_type=\"heading.default\">\n\t\t\t\t<div class=\"elementor-widget-container\">\n\t\t\t<style>\/*! elementor - v3.23.0 - 25-07-2024 *\/\n.elementor-heading-title{padding:0;margin:0;line-height:1}.elementor-widget-heading .elementor-heading-title[class*=elementor-size-]>a{color:inherit;font-size:inherit;line-height:inherit}.elementor-widget-heading .elementor-heading-title.elementor-size-small{font-size:15px}.elementor-widget-heading .elementor-heading-title.elementor-size-medium{font-size:19px}.elementor-widget-heading .elementor-heading-title.elementor-size-large{font-size:29px}.elementor-widget-heading .elementor-heading-title.elementor-size-xl{font-size:39px}.elementor-widget-heading .elementor-heading-title.elementor-size-xxl{font-size:59px}<\/style><h2 class=\"elementor-heading-title elementor-size-default\">nossa hist\u00f3ria<\/h2>\t\t<\/div>\n\t\t\t\t<\/div>\n\t\t\t\t<\/div>\n\t\t<div class=\"elementor-element elementor-element-5d4f578 e-con-full e-flex e-con e-child\" data-id=\"5d4f578\" data-element_type=\"container\">\n\t\t\t\t<div class=\"elementor-element elementor-element-04fb28d elementor-widget elementor-widget-image\" data-id=\"04fb28d\" data-element_type=\"widget\" data-widget_type=\"image.default\">\n\t\t\t\t<div class=\"elementor-widget-container\">\n\t\t\t<style>\/*! elementor - v3.23.0 - 25-07-2024 *\/\n.elementor-widget-image{text-align:center}.elementor-widget-image a{display:inline-block}.elementor-widget-image a img[src$=\".svg\"]{width:48px}.elementor-widget-image img{vertical-align:middle;display:inline-block}<\/style>\t\t\t\t\t\t\t\t\t\t<img fetchpriority=\"high\" decoding=\"async\" width=\"300\" height=\"297\" src=\"https:\/\/trindadeyogahostel.com\/wp-content\/uploads\/2024\/02\/20190627_143708-300x297.jpg\" class=\"attachment-medium size-medium wp-image-769\" alt=\"\" srcset=\"https:\/\/trindadeyogahostel.com\/wp-content\/uploads\/2024\/02\/20190627_143708-300x297.jpg 300w, https:\/\/trindadeyogahostel.com\/wp-content\/uploads\/2024\/02\/20190627_143708-1024x1015.jpg 1024w, https:\/\/trindadeyogahostel.com\/wp-content\/uploads\/2024\/02\/20190627_143708-150x150.jpg 150w, https:\/\/trindadeyogahostel.com\/wp-content\/uploads\/2024\/02\/20190627_143708-768x761.jpg 768w, https:\/\/trindadeyogahostel.com\/wp-content\/uploads\/2024\/02\/20190627_143708-1536x1522.jpg 1536w, https:\/\/trindadeyogahostel.com\/wp-content\/uploads\/2024\/02\/20190627_143708-2048x2029.jpg 2048w, https:\/\/trindadeyogahostel.com\/wp-content\/uploads\/2024\/02\/20190627_143708-600x594.jpg 600w, https:\/\/trindadeyogahostel.com\/wp-content\/uploads\/2024\/02\/20190627_143708-100x100.jpg 100w\" sizes=\"(max-width: 300px) 100vw, 300px\" \/>\t\t\t\t\t\t\t\t\t\t\t\t\t<\/div>\n\t\t\t\t<\/div>\n\t\t\t\t<div class=\"elementor-element elementor-element-c5cc35b elementor-widget elementor-widget-heading\" data-id=\"c5cc35b\" data-element_type=\"widget\" data-widget_type=\"heading.default\">\n\t\t\t\t<div class=\"elementor-widget-container\">\n\t\t\t<h2 class=\"elementor-heading-title elementor-size-default\">OZZY\/ <br>SADASIVA<\/h2>\t\t<\/div>\n\t\t\t\t<\/div>\n\t\t\t\t<div class=\"elementor-element elementor-element-342ed5e elementor-widget elementor-widget-text-editor\" data-id=\"342ed5e\" data-element_type=\"widget\" data-widget_type=\"text-editor.default\">\n\t\t\t\t<div class=\"elementor-widget-container\">\n\t\t\t<style>\/*! elementor - v3.23.0 - 25-07-2024 *\/\n.elementor-widget-text-editor.elementor-drop-cap-view-stacked .elementor-drop-cap{background-color:#69727d;color:#fff}.elementor-widget-text-editor.elementor-drop-cap-view-framed .elementor-drop-cap{color:#69727d;border:3px solid;background-color:transparent}.elementor-widget-text-editor:not(.elementor-drop-cap-view-default) .elementor-drop-cap{margin-top:8px}.elementor-widget-text-editor:not(.elementor-drop-cap-view-default) .elementor-drop-cap-letter{width:1em;height:1em}.elementor-widget-text-editor .elementor-drop-cap{float:left;text-align:center;line-height:1;font-size:50px}.elementor-widget-text-editor .elementor-drop-cap-letter{display:inline-block}<\/style>\t\t\t\t<p>Conhe\u00e7a Ozzy, o vision\u00e1rio por tr\u00e1s do Hostel Sea &amp; Forest Yoga, onde explora\u00e7\u00e3o, aventura e autodescoberta se encontram. Um viajante experiente e contador de hist\u00f3rias, Ozzy iniciou sua jornada de descobertas aos 17 anos, deixando sua terra natal no Brasil para se imergir nas diversas culturas do mundo.<\/p><p>Com mais de 25 anos percorrendo continentes e abra\u00e7ando diversas tradi\u00e7\u00f5es, o caminho de Ozzy eventualmente o levou \u00e0 pr\u00e1tica do yoga. Ap\u00f3s treinamento intensivo em Ashtanga yoga em Montreal, Canad\u00e1, ele mergulhou mais profundamente em sua pr\u00e1tica, buscando treinamento adicional com a Organiza\u00e7\u00e3o Internacional <a href=\"https:\/\/sivanandacanada.org\/\" target=\"_blank\" rel=\"noopener\">Yoga Vedanta Sivananda<\/a> em Garopaba, Brasil. Como instrutor dedicado h\u00e1 mais de 35 anos, Ozzy est\u00e1 comprometido em compartilhar o poder transformador do yoga com os outros.<\/p><p>Em 1990, Ozzy encontrou Trindade durante um encontro serendipitoso com a natureza, onde se viu cativado pela beleza natural da terra. Inspirado por essa conex\u00e3o, ele comprou o terreno e embarcou em uma jornada para criar um santu\u00e1rio para explora\u00e7\u00e3o espiritual e rejuvenescimento. De humildes come\u00e7os com uma casa de madeira reciclada, Ozzy transformou a paisagem no Hostel Sea &amp; Forest Yoga, um ref\u00fagio para yoga, medita\u00e7\u00e3o e autocuidado.<\/p><p>Junte-se a n\u00f3s em uma jornada transformadora no Hostel Sea &amp; Forest Yoga, onde a vis\u00e3o de Ozzy \u00e9 guiar cada h\u00f3spede para uma mudan\u00e7a profunda de perspectiva.<\/p><p>Seu objetivo \u00e9 fazer com que cada visitante parta com um senso renovado de prop\u00f3sito e uma conex\u00e3o mais profunda com este o\u00e1sis tranquilo.<\/p>\t\t\t\t\t\t<\/div>\n\t\t\t\t<\/div>\n\t\t\t\t<\/div>\n\t\t<div class=\"elementor-element elementor-element-78ef221 e-con-full e-flex e-con e-child\" data-id=\"78ef221\" data-element_type=\"container\" data-settings=\"{&quot;shape_divider_bottom&quot;:&quot;opacity-tilt&quot;}\">\n\t\t\t\t<div class=\"elementor-shape elementor-shape-bottom\" data-negative=\"false\">\n\t\t\t<svg xmlns=\"http:\/\/www.w3.org\/2000\/svg\" viewBox=\"0 0 2600 131.1\" preserveAspectRatio=\"none\">\n\t<path class=\"elementor-shape-fill\" d=\"M0 0L2600 0 2600 69.1 0 0z\"\/>\n\t<path class=\"elementor-shape-fill\" style=\"opacity:0.5\" d=\"M0 0L2600 0 2600 69.1 0 69.1z\"\/>\n\t<path class=\"elementor-shape-fill\" style=\"opacity:0.25\" d=\"M2600 0L0 0 0 130.1 2600 69.1z\"\/>\n<\/svg>\t\t<\/div>\n\t\t\t\t<div class=\"elementor-element elementor-element-448a027 elementor-widget elementor-widget-image\" data-id=\"448a027\" data-element_type=\"widget\" data-widget_type=\"image.default\">\n\t\t\t\t<div class=\"elementor-widget-container\">\n\t\t\t\t\t\t\t\t\t\t\t\t\t<img decoding=\"async\" width=\"259\" height=\"300\" src=\"https:\/\/trindadeyogahostel.com\/wp-content\/uploads\/2024\/02\/Mathilde-Liacre-259x300.jpg\" class=\"attachment-medium size-medium wp-image-768\" alt=\"\" srcset=\"https:\/\/trindadeyogahostel.com\/wp-content\/uploads\/2024\/02\/Mathilde-Liacre-259x300.jpg 259w, https:\/\/trindadeyogahostel.com\/wp-content\/uploads\/2024\/02\/Mathilde-Liacre-600x695.jpg 600w, https:\/\/trindadeyogahostel.com\/wp-content\/uploads\/2024\/02\/Mathilde-Liacre.jpg 768w\" sizes=\"(max-width: 259px) 100vw, 259px\" \/>\t\t\t\t\t\t\t\t\t\t\t\t\t<\/div>\n\t\t\t\t<\/div>\n\t\t\t\t<div class=\"elementor-element elementor-element-a797d51 elementor-widget elementor-widget-heading\" data-id=\"a797d51\" data-element_type=\"widget\" data-widget_type=\"heading.default\">\n\t\t\t\t<div class=\"elementor-widget-container\">\n\t\t\t<h2 class=\"elementor-heading-title elementor-size-default\">TyLDA\/<br>PARIMALA<\/h2>\t\t<\/div>\n\t\t\t\t<\/div>\n\t\t\t\t<div class=\"elementor-element elementor-element-acaa134 elementor-widget elementor-widget-text-editor\" data-id=\"acaa134\" data-element_type=\"widget\" data-widget_type=\"text-editor.default\">\n\t\t\t\t<div class=\"elementor-widget-container\">\n\t\t\t\t\t\t\t<p>Tylda, uma praticante dedicada de yoga h\u00e1 20 anos, tornou-se instrutora certificada em 2014 ap\u00f3s um treinamento intensivo em Hatha Yoga na Organiza\u00e7\u00e3o Internacional <a href=\"https:\/\/sivanandacanada.org\/\" target=\"_blank\" rel=\"noopener\">Yoga Vedanta Sivananda<\/a> em Quebec, Canad\u00e1. Ela aprofundou suas habilidades com treinamento em <a href=\"https:\/\/www.yoga-sangha.com\/FormationProfessorale\/ModuleYogaTherapie.aspx\" target=\"_blank\" rel=\"noopener\">yoga terap\u00eautico<\/a> sob a orienta\u00e7\u00e3o de Laurier Pierre Desjardins e tornou-se professora certificada de yoga com cadeira na escola <a href=\"https:\/\/www.yogatout.com\/formations\/\" target=\"_blank\" rel=\"noopener\">Yoga Tout<\/a> em Quebec em 2015.<\/p><p>Al\u00e9m do yoga, Tylda \u00e9 uma terapeuta hol\u00edstica experiente, oferecendo sess\u00f5es de cura Reiki, massagens de <a href=\"https:\/\/lotuspalm.com\/thai-style-foot-reflexology\/\" target=\"_blank\" rel=\"noopener\">reflexologia tailandesa<\/a> e especializando-se em <a href=\"https:\/\/www.facebook.com\/techniqueneurocutanee\/?locale=fr_FR&amp;_rdc=2&amp;_rdr\" target=\"_blank\" rel=\"noopener\">t\u00e9cnica neuro-cut\u00e2nea<\/a> (NCT) e massagem Shiatsu desde 2020. Ela continua a expandir sua experi\u00eancia, completando um treinamento de professores de <a href=\"https:\/\/yogadance.com.br\/transformacao-yoga-dance-2023\/\" target=\"_blank\" rel=\"noopener\">Yoga Dance<\/a> em Garopaba, Brasil, em 2022 sob a orienta\u00e7\u00e3o de Fernanda Cunha.<\/p><p>Com um compromisso com a aprendizagem cont\u00ednua, Tylda oferece servi\u00e7os compassivos de bem-estar hol\u00edstico, combinando anos de experi\u00eancia e diversas modalidades para apoiar a cura e a transforma\u00e7\u00e3o. Junte-se a ela em uma jornada rumo ao bem-estar hol\u00edstico.<\/p><p>Para saber mais sobre o trabalho de cura de Tylda, descubra-a no <a href=\"https:\/\/www.instagram.com\/meditationyogasoins\/\" target=\"_blank\" rel=\"noopener\">Instagram<\/a>.<\/p>\t\t\t\t\t\t<\/div>\n\t\t\t\t<\/div>\n\t\t\t\t<div class=\"elementor-element elementor-element-6afac18 elementor-invisible elementor-widget elementor-widget-heading\" data-id=\"6afac18\" data-element_type=\"widget\" data-settings=\"{&quot;_animation&quot;:&quot;zoomIn&quot;}\" data-widget_type=\"heading.default\">\n\t\t\t\t<div class=\"elementor-widget-container\">\n\t\t\t<h2 class=\"elementor-heading-title elementor-size-default\">descubra nossas aulas<\/h2>\t\t<\/div>\n\t\t\t\t<\/div>\n\t\t\t\t<div class=\"elementor-element elementor-element-ec6e934 elementor-align-center elementor-invisible elementor-widget elementor-widget-button\" data-id=\"ec6e934\" data-element_type=\"widget\" data-settings=\"{&quot;_animation&quot;:&quot;bounce&quot;}\" data-widget_type=\"button.default\">\n\t\t\t\t<div class=\"elementor-widget-container\">\n\t\t\t\t\t<div class=\"elementor-button-wrapper\">\n\t\t\t<a class=\"elementor-button elementor-button-link elementor-size-sm\" href=\"https:\/\/trindadeyogahostel.com\/index.php\/pt\/yoga-meditacao\/\" target=\"_blank\">\n\t\t\t\t\t\t<span class=\"elementor-button-content-wrapper\">\n\t\t\t\t\t\t\t\t\t<span class=\"elementor-button-text\">aqui<\/span>\n\t\t\t\t\t<\/span>\n\t\t\t\t\t<\/a>\n\t\t<\/div>\n\t\t\t\t<\/div>\n\t\t\t\t<\/div>\n\t\t\t\t<\/div>\n\t\t\t\t\t<\/div>\n\t\t\t\t<\/div>\n\t\t<div class=\"elementor-element elementor-element-f89957b e-flex e-con-boxed e-con e-parent\" data-id=\"f89957b\" data-element_type=\"container\">\n\t\t\t\t\t<div class=\"e-con-inner\">\n\t\t\t\t<div class=\"elementor-element elementor-element-c7374b5 elementor-widget elementor-widget-spacer\" data-id=\"c7374b5\" data-element_type=\"widget\" data-widget_type=\"spacer.default\">\n\t\t\t\t<div class=\"elementor-widget-container\">\n\t\t\t<style>\/*! elementor - v3.23.0 - 25-07-2024 *\/\n.elementor-column .elementor-spacer-inner{height:var(--spacer-size)}.e-con{--container-widget-width:100%}.e-con-inner>.elementor-widget-spacer,.e-con>.elementor-widget-spacer{width:var(--container-widget-width,var(--spacer-size));--align-self:var(--container-widget-align-self,initial);--flex-shrink:0}.e-con-inner>.elementor-widget-spacer>.elementor-widget-container,.e-con>.elementor-widget-spacer>.elementor-widget-container{height:100%;width:100%}.e-con-inner>.elementor-widget-spacer>.elementor-widget-container>.elementor-spacer,.e-con>.elementor-widget-spacer>.elementor-widget-container>.elementor-spacer{height:100%}.e-con-inner>.elementor-widget-spacer>.elementor-widget-container>.elementor-spacer>.elementor-spacer-inner,.e-con>.elementor-widget-spacer>.elementor-widget-container>.elementor-spacer>.elementor-spacer-inner{height:var(--container-widget-height,var(--spacer-size))}.e-con-inner>.elementor-widget-spacer.elementor-widget-empty,.e-con>.elementor-widget-spacer.elementor-widget-empty{position:relative;min-height:22px;min-width:22px}.e-con-inner>.elementor-widget-spacer.elementor-widget-empty .elementor-widget-empty-icon,.e-con>.elementor-widget-spacer.elementor-widget-empty .elementor-widget-empty-icon{position:absolute;top:0;bottom:0;left:0;right:0;margin:auto;padding:0;width:22px;height:22px}<\/style>\t\t<div class=\"elementor-spacer\">\n\t\t\t<div class=\"elementor-spacer-inner\"><\/div>\n\t\t<\/div>\n\t\t\t\t<\/div>\n\t\t\t\t<\/div>\n\t\t\t\t\t<\/div>\n\t\t\t\t<\/div>\n\t\t\t\t<\/div>\n\t\t","protected":false},"excerpt":{"rendered":"<p>nossa hist\u00f3ria OZZY\/ SADASIVA Conhe\u00e7a Ozzy, o vision\u00e1rio por tr\u00e1s do Hostel Sea &amp; Forest Yoga, onde explora\u00e7\u00e3o, aventura e autodescoberta se encontram. Um viajante experiente e contador de hist\u00f3rias, Ozzy iniciou sua jornada de descobertas aos 17 anos, deixando sua terra natal no Brasil para se imergir nas diversas culturas do mundo. Com mais [&hellip;]<\/p>\n","protected":false},"author":2,"featured_media":0,"parent":0,"menu_order":0,"comment_status":"closed","ping_status":"closed","template":"elementor_header_footer","meta":{"_monsterinsights_skip_tracking":false,"_monsterinsights_sitenote_active":false,"_monsterinsights_sitenote_note":"","_monsterinsights_sitenote_category":0,"footnotes":""},"aioseo_notices":[],"_links":{"self":[{"href":"https:\/\/trindadeyogahostel.com\/index.php\/wp-json\/wp\/v2\/pages\/2844"}],"collection":[{"href":"https:\/\/trindadeyogahostel.com\/index.php\/wp-json\/wp\/v2\/pages"}],"about":[{"href":"https:\/\/trindadeyogahostel.com\/index.php\/wp-json\/wp\/v2\/types\/page"}],"author":[{"embeddable":true,"href":"https:\/\/trindadeyogahostel.com\/index.php\/wp-json\/wp\/v2\/users\/2"}],"replies":[{"embeddable":true,"href":"https:\/\/trindadeyogahostel.com\/index.php\/wp-json\/wp\/v2\/comments?post=2844"}],"version-history":[{"count":28,"href":"https:\/\/trindadeyogahostel.com\/index.php\/wp-json\/wp\/v2\/pages\/2844\/revisions"}],"predecessor-version":[{"id":3266,"href":"https:\/\/trindadeyogahostel.com\/index.php\/wp-json\/wp\/v2\/pages\/2844\/revisions\/3266"}],"wp:attachment":[{"href":"https:\/\/trindadeyogahostel.com\/index.php\/wp-json\/wp\/v2\/media?parent=2844"}],"curies":[{"name":"wp","href":"https:\/\/api.w.org\/{rel}","templated":true}]}}