{"id":3459,"date":"2024-03-06T13:52:55","date_gmt":"2024-03-06T16:52:55","guid":{"rendered":"https:\/\/trindadeyogahostel.com\/?page_id=3459"},"modified":"2026-03-23T13:32:05","modified_gmt":"2026-03-23T16:32:05","slug":"eventos-pt","status":"publish","type":"page","link":"https:\/\/trindadeyogahostel.com\/index.php\/pt\/eventos-pt\/","title":{"rendered":"Eventos"},"content":{"rendered":"\t\t<div data-elementor-type=\"wp-page\" data-elementor-id=\"3459\" class=\"elementor elementor-3459\" data-elementor-post-type=\"page\">\n\t\t\t\t<div class=\"elementor-element elementor-element-2bbd110 e-flex e-con-boxed e-con e-parent\" data-id=\"2bbd110\" data-element_type=\"container\">\n\t\t\t\t\t<div class=\"e-con-inner\">\n\t\t\t\t<div class=\"elementor-element elementor-element-139121c elementor-widget elementor-widget-image\" data-id=\"139121c\" data-element_type=\"widget\" data-widget_type=\"image.default\">\n\t\t\t\t<div class=\"elementor-widget-container\">\n\t\t\t<style>\/*! elementor - v3.23.0 - 25-07-2024 *\/\n.elementor-widget-image{text-align:center}.elementor-widget-image a{display:inline-block}.elementor-widget-image a img[src$=\".svg\"]{width:48px}.elementor-widget-image img{vertical-align:middle;display:inline-block}<\/style>\t\t\t\t\t\t\t\t\t\t<img decoding=\"async\" width=\"150\" height=\"150\" src=\"https:\/\/trindadeyogahostel.com\/wp-content\/uploads\/2024\/02\/alendario-150x150.png\" class=\"attachment-thumbnail size-thumbnail wp-image-653\" alt=\"\" srcset=\"https:\/\/trindadeyogahostel.com\/wp-content\/uploads\/2024\/02\/alendario-150x150.png 150w, https:\/\/trindadeyogahostel.com\/wp-content\/uploads\/2024\/02\/alendario-300x300.png 300w, https:\/\/trindadeyogahostel.com\/wp-content\/uploads\/2024\/02\/alendario-1024x1024.png 1024w, https:\/\/trindadeyogahostel.com\/wp-content\/uploads\/2024\/02\/alendario-768x768.png 768w, https:\/\/trindadeyogahostel.com\/wp-content\/uploads\/2024\/02\/alendario-600x600.png 600w, https:\/\/trindadeyogahostel.com\/wp-content\/uploads\/2024\/02\/alendario-100x100.png 100w, https:\/\/trindadeyogahostel.com\/wp-content\/uploads\/2024\/02\/alendario.png 1080w\" sizes=\"(max-width: 150px) 100vw, 150px\" \/>\t\t\t\t\t\t\t\t\t\t\t\t\t<\/div>\n\t\t\t\t<\/div>\n\t\t\t\t<div class=\"elementor-element elementor-element-dfdb1c3 elementor-widget elementor-widget-heading\" data-id=\"dfdb1c3\" data-element_type=\"widget\" data-widget_type=\"heading.default\">\n\t\t\t\t<div class=\"elementor-widget-container\">\n\t\t\t<style>\/*! elementor - v3.23.0 - 25-07-2024 *\/\n.elementor-heading-title{padding:0;margin:0;line-height:1}.elementor-widget-heading .elementor-heading-title[class*=elementor-size-]>a{color:inherit;font-size:inherit;line-height:inherit}.elementor-widget-heading .elementor-heading-title.elementor-size-small{font-size:15px}.elementor-widget-heading .elementor-heading-title.elementor-size-medium{font-size:19px}.elementor-widget-heading .elementor-heading-title.elementor-size-large{font-size:29px}.elementor-widget-heading .elementor-heading-title.elementor-size-xl{font-size:39px}.elementor-widget-heading .elementor-heading-title.elementor-size-xxl{font-size:59px}<\/style><h2 class=\"elementor-heading-title elementor-size-default\">pr\u00f3ximos eventos<\/h2>\t\t<\/div>\n\t\t\t\t<\/div>\n\t\t\t\t<div class=\"elementor-element elementor-element-f010d2e elementor-widget__width-initial elementor-widget elementor-widget-text-editor\" data-id=\"f010d2e\" data-element_type=\"widget\" data-widget_type=\"text-editor.default\">\n\t\t\t\t<div class=\"elementor-widget-container\">\n\t\t\t<style>\/*! elementor - v3.23.0 - 25-07-2024 *\/\n.elementor-widget-text-editor.elementor-drop-cap-view-stacked .elementor-drop-cap{background-color:#69727d;color:#fff}.elementor-widget-text-editor.elementor-drop-cap-view-framed .elementor-drop-cap{color:#69727d;border:3px solid;background-color:transparent}.elementor-widget-text-editor:not(.elementor-drop-cap-view-default) .elementor-drop-cap{margin-top:8px}.elementor-widget-text-editor:not(.elementor-drop-cap-view-default) .elementor-drop-cap-letter{width:1em;height:1em}.elementor-widget-text-editor .elementor-drop-cap{float:left;text-align:center;line-height:1;font-size:50px}.elementor-widget-text-editor .elementor-drop-cap-letter{display:inline-block}<\/style>\t\t\t\t<p>Descubra o Equil\u00edbrio na Natureza: Eventos no Trindade Sea and Forest Yoga Hostel<\/p><p>Adentre nosso santu\u00e1rio natural e explore as maravilhas do equil\u00edbrio e bem-estar. Nossa diversificada gama de eventos, incluindo aulas, workshops, treinamentos e retiros, s\u00e3o projetados para enriquecer sua mente, corpo e alma. Mergulhe na tranquilidade da natureza enquanto participa de atividades revigorantes e se conecta com indiv\u00edduos com interesses semelhantes. Junte-se a n\u00f3s nesta jornada de autoconhecimento e crescimento. Fique ligado para atualiza\u00e7\u00f5es sobre os pr\u00f3ximos eventos e fa\u00e7a parte da nossa pr\u00f3spera comunidade!<\/p>\t\t\t\t\t\t<\/div>\n\t\t\t\t<\/div>\n\t\t\t\t\t<\/div>\n\t\t\t\t<\/div>\n\t\t<div class=\"elementor-element elementor-element-75df471 e-flex e-con-boxed e-con e-parent\" data-id=\"75df471\" data-element_type=\"container\">\n\t\t\t\t\t<div class=\"e-con-inner\">\n\t\t\t\t<div class=\"elementor-element elementor-element-8ebb38a elementor-grid-3 elementor-grid-tablet-2 elementor-grid-mobile-1 elementor-posts--thumbnail-top elementor-posts--show-avatar elementor-card-shadow-yes elementor-posts__hover-gradient elementor-widget elementor-widget-posts\" data-id=\"8ebb38a\" data-element_type=\"widget\" data-settings=\"{&quot;pagination_type&quot;:&quot;numbers&quot;,&quot;cards_columns&quot;:&quot;3&quot;,&quot;cards_columns_tablet&quot;:&quot;2&quot;,&quot;cards_columns_mobile&quot;:&quot;1&quot;,&quot;cards_row_gap&quot;:{&quot;unit&quot;:&quot;px&quot;,&quot;size&quot;:35,&quot;sizes&quot;:[]},&quot;cards_row_gap_tablet&quot;:{&quot;unit&quot;:&quot;px&quot;,&quot;size&quot;:&quot;&quot;,&quot;sizes&quot;:[]},&quot;cards_row_gap_mobile&quot;:{&quot;unit&quot;:&quot;px&quot;,&quot;size&quot;:&quot;&quot;,&quot;sizes&quot;:[]}}\" data-widget_type=\"posts.cards\">\n\t\t\t\t<div class=\"elementor-widget-container\">\n\t\t\t<link rel=\"stylesheet\" href=\"https:\/\/trindadeyogahostel.com\/wp-content\/plugins\/elementor-pro\/assets\/css\/widget-posts.min.css\">\t\t<div class=\"elementor-posts-container elementor-posts elementor-posts--skin-cards elementor-grid\">\n\t\t\t\t<article class=\"elementor-post elementor-grid-item post-3877 post type-post status-publish format-standard has-post-thumbnail hentry category-workshops\">\n\t\t\t<div class=\"elementor-post__card\">\n\t\t\t\t<a class=\"elementor-post__thumbnail__link\" href=\"https:\/\/trindadeyogahostel.com\/index.php\/2026\/03\/23\/arte-terapia-cura-e-criatividade\/\" tabindex=\"-1\" ><div class=\"elementor-post__thumbnail\"><img fetchpriority=\"high\" decoding=\"async\" width=\"300\" height=\"294\" src=\"https:\/\/trindadeyogahostel.com\/wp-content\/uploads\/2026\/03\/arte-terapia-scaled-e1774283040682-300x294.jpeg\" class=\"attachment-medium size-medium wp-image-3879\" alt=\"\" srcset=\"https:\/\/trindadeyogahostel.com\/wp-content\/uploads\/2026\/03\/arte-terapia-scaled-e1774283040682-300x294.jpeg 300w, https:\/\/trindadeyogahostel.com\/wp-content\/uploads\/2026\/03\/arte-terapia-scaled-e1774283040682-1024x1003.jpeg 1024w, https:\/\/trindadeyogahostel.com\/wp-content\/uploads\/2026\/03\/arte-terapia-scaled-e1774283040682-768x752.jpeg 768w, https:\/\/trindadeyogahostel.com\/wp-content\/uploads\/2026\/03\/arte-terapia-scaled-e1774283040682-1536x1505.jpeg 1536w, https:\/\/trindadeyogahostel.com\/wp-content\/uploads\/2026\/03\/arte-terapia-scaled-e1774283040682.jpeg 1920w\" sizes=\"(max-width: 300px) 100vw, 300px\" \/><\/div><\/a>\n\t\t\t\t<div class=\"elementor-post__badge\">Workshops<\/div>\n\t\t\t\t<div class=\"elementor-post__avatar\">\n\t\t\t<img alt='Yoga Hostel' src='https:\/\/secure.gravatar.com\/avatar\/fdeecd82eac8abdb36b24eadd819cc9f?s=128&#038;d=mm&#038;r=g' srcset='https:\/\/secure.gravatar.com\/avatar\/fdeecd82eac8abdb36b24eadd819cc9f?s=256&#038;d=mm&#038;r=g 2x' class='avatar avatar-128 photo' height='128' width='128' \/>\t\t<\/div>\n\t\t\t\t<div class=\"elementor-post__text\">\n\t\t\t\t<h3 class=\"elementor-post__title\">\n\t\t\t<a href=\"https:\/\/trindadeyogahostel.com\/index.php\/2026\/03\/23\/arte-terapia-cura-e-criatividade\/\" >\n\t\t\t\tArte terapia: cura e criatividade\t\t\t<\/a>\n\t\t<\/h3>\n\t\t\t\t<div class=\"elementor-post__excerpt\">\n\t\t\t<p>Os workshops de arteterapia oferecem experi\u00eancias que podem transformar voc\u00ea e ajudar a se sentir melhor. Al\u00e9m disso, voc\u00ea ir\u00e1 participar de diferentes atividades art\u00edsticas<\/p>\n\t\t<\/div>\n\t\t\n\t\t<a class=\"elementor-post__read-more\" href=\"https:\/\/trindadeyogahostel.com\/index.php\/2026\/03\/23\/arte-terapia-cura-e-criatividade\/\" aria-label=\"Read more about Arte terapia: cura e criatividade\" tabindex=\"-1\" >\n\t\t\tRead More \u00bb\t\t<\/a>\n\n\t\t\t\t<\/div>\n\t\t\t\t<div class=\"elementor-post__meta-data\">\n\t\t\t\t\t<span class=\"elementor-post-date\">\n\t\t\t23 de mar\u00e7o de 2026\t\t<\/span>\n\t\t\t\t<span class=\"elementor-post-avatar\">\n\t\t\tNenhum coment\u00e1rio\t\t<\/span>\n\t\t\t\t<\/div>\n\t\t\t\t\t<\/div>\n\t\t<\/article>\n\t\t\t\t<article class=\"elementor-post elementor-grid-item post-2728 post type-post status-publish format-standard has-post-thumbnail hentry category-retiros-pt category-retreats-pt\">\n\t\t\t<div class=\"elementor-post__card\">\n\t\t\t\t<a class=\"elementor-post__thumbnail__link\" href=\"https:\/\/trindadeyogahostel.com\/index.php\/pt\/2026\/03\/23\/easter-retreat\/\" tabindex=\"-1\" ><div class=\"elementor-post__thumbnail\"><img decoding=\"async\" width=\"240\" height=\"300\" src=\"https:\/\/trindadeyogahostel.com\/wp-content\/uploads\/2024\/03\/Pascoa-1-240x300.png\" class=\"attachment-medium size-medium wp-image-3875\" alt=\"\" srcset=\"https:\/\/trindadeyogahostel.com\/wp-content\/uploads\/2024\/03\/Pascoa-1-240x300.png 240w, https:\/\/trindadeyogahostel.com\/wp-content\/uploads\/2024\/03\/Pascoa-1-819x1024.png 819w, https:\/\/trindadeyogahostel.com\/wp-content\/uploads\/2024\/03\/Pascoa-1-768x960.png 768w, https:\/\/trindadeyogahostel.com\/wp-content\/uploads\/2024\/03\/Pascoa-1.png 1080w\" sizes=\"(max-width: 240px) 100vw, 240px\" \/><\/div><\/a>\n\t\t\t\t<div class=\"elementor-post__badge\">retiros<\/div>\n\t\t\t\t<div class=\"elementor-post__avatar\">\n\t\t\t<img alt='Yoga Hostel' src='https:\/\/secure.gravatar.com\/avatar\/fdeecd82eac8abdb36b24eadd819cc9f?s=128&#038;d=mm&#038;r=g' srcset='https:\/\/secure.gravatar.com\/avatar\/fdeecd82eac8abdb36b24eadd819cc9f?s=256&#038;d=mm&#038;r=g 2x' class='avatar avatar-128 photo' height='128' width='128' \/>\t\t<\/div>\n\t\t\t\t<div class=\"elementor-post__text\">\n\t\t\t\t<h3 class=\"elementor-post__title\">\n\t\t\t<a href=\"https:\/\/trindadeyogahostel.com\/index.php\/pt\/2026\/03\/23\/easter-retreat\/\" >\n\t\t\t\tRetiro de P\u00e1scoa\t\t\t<\/a>\n\t\t<\/h3>\n\t\t\t\t<div class=\"elementor-post__excerpt\">\n\t\t\t<p>Viva uma P\u00e1scoa inesquec\u00edvel em Trindade, Paraty, Brasil! Junte-se a n\u00f3s em um programa especial de P\u00e1scoa com yoga, medita\u00e7\u00e3o, pranayama, workshop de arteterapia e<\/p>\n\t\t<\/div>\n\t\t\n\t\t<a class=\"elementor-post__read-more\" href=\"https:\/\/trindadeyogahostel.com\/index.php\/pt\/2026\/03\/23\/easter-retreat\/\" aria-label=\"Read more about Retiro de P\u00e1scoa\" tabindex=\"-1\" >\n\t\t\tRead More \u00bb\t\t<\/a>\n\n\t\t\t\t<\/div>\n\t\t\t\t<div class=\"elementor-post__meta-data\">\n\t\t\t\t\t<span class=\"elementor-post-date\">\n\t\t\t23 de mar\u00e7o de 2026\t\t<\/span>\n\t\t\t\t<span class=\"elementor-post-avatar\">\n\t\t\t1 coment\u00e1rio\t\t<\/span>\n\t\t\t\t<\/div>\n\t\t\t\t\t<\/div>\n\t\t<\/article>\n\t\t\t\t<article class=\"elementor-post elementor-grid-item post-3747 post type-post status-publish format-standard has-post-thumbnail hentry category-holistico-pt\">\n\t\t\t<div class=\"elementor-post__card\">\n\t\t\t\t<a class=\"elementor-post__thumbnail__link\" href=\"https:\/\/trindadeyogahostel.com\/index.php\/pt\/2025\/03\/13\/tecnica-neurocutanea-o-poder-do-toque-sutil\/\" tabindex=\"-1\" ><div class=\"elementor-post__thumbnail\"><img loading=\"lazy\" decoding=\"async\" width=\"300\" height=\"225\" src=\"https:\/\/trindadeyogahostel.com\/wp-content\/uploads\/2025\/03\/tnc-300x225.png\" class=\"attachment-medium size-medium wp-image-3748\" alt=\"\" srcset=\"https:\/\/trindadeyogahostel.com\/wp-content\/uploads\/2025\/03\/tnc-300x225.png 300w, https:\/\/trindadeyogahostel.com\/wp-content\/uploads\/2025\/03\/tnc-768x576.png 768w, https:\/\/trindadeyogahostel.com\/wp-content\/uploads\/2025\/03\/tnc.png 940w\" sizes=\"(max-width: 300px) 100vw, 300px\" \/><\/div><\/a>\n\t\t\t\t<div class=\"elementor-post__badge\">Holistico<\/div>\n\t\t\t\t<div class=\"elementor-post__avatar\">\n\t\t\t<img alt='Yoga Hostel' src='https:\/\/secure.gravatar.com\/avatar\/fdeecd82eac8abdb36b24eadd819cc9f?s=128&#038;d=mm&#038;r=g' srcset='https:\/\/secure.gravatar.com\/avatar\/fdeecd82eac8abdb36b24eadd819cc9f?s=256&#038;d=mm&#038;r=g 2x' class='avatar avatar-128 photo' height='128' width='128' \/>\t\t<\/div>\n\t\t\t\t<div class=\"elementor-post__text\">\n\t\t\t\t<h3 class=\"elementor-post__title\">\n\t\t\t<a href=\"https:\/\/trindadeyogahostel.com\/index.php\/pt\/2025\/03\/13\/tecnica-neurocutanea-o-poder-do-toque-sutil\/\" >\n\t\t\t\tT\u00e9cnica Neurocut\u00e2nea: O Poder do Toque Sutil\t\t\t<\/a>\n\t\t<\/h3>\n\t\t\t\t<div class=\"elementor-post__excerpt\">\n\t\t\t<p>A T\u00e9cnica Neurocut\u00e2nea (TNC) \u00e9 uma abordagem terap\u00eautica moderna que utiliza toques suaves e precisos na pele para influenciar o sistema nervoso. Diferente das terapias<\/p>\n\t\t<\/div>\n\t\t\n\t\t<a class=\"elementor-post__read-more\" href=\"https:\/\/trindadeyogahostel.com\/index.php\/pt\/2025\/03\/13\/tecnica-neurocutanea-o-poder-do-toque-sutil\/\" aria-label=\"Read more about T\u00e9cnica Neurocut\u00e2nea: O Poder do Toque Sutil\" tabindex=\"-1\" >\n\t\t\tRead More \u00bb\t\t<\/a>\n\n\t\t\t\t<\/div>\n\t\t\t\t<div class=\"elementor-post__meta-data\">\n\t\t\t\t\t<span class=\"elementor-post-date\">\n\t\t\t13 de mar\u00e7o de 2025\t\t<\/span>\n\t\t\t\t<span class=\"elementor-post-avatar\">\n\t\t\tNenhum coment\u00e1rio\t\t<\/span>\n\t\t\t\t<\/div>\n\t\t\t\t\t<\/div>\n\t\t<\/article>\n\t\t\t\t<article class=\"elementor-post elementor-grid-item post-3745 post type-post status-publish format-standard has-post-thumbnail hentry category-holistico-pt\">\n\t\t\t<div class=\"elementor-post__card\">\n\t\t\t\t<a class=\"elementor-post__thumbnail__link\" href=\"https:\/\/trindadeyogahostel.com\/index.php\/pt\/2025\/03\/13\/reflexologia-cura-atraves-dos-pes\/\" tabindex=\"-1\" ><div class=\"elementor-post__thumbnail\"><img loading=\"lazy\" decoding=\"async\" width=\"300\" height=\"225\" src=\"https:\/\/trindadeyogahostel.com\/wp-content\/uploads\/2025\/03\/website-300x225.png\" class=\"attachment-medium size-medium wp-image-3743\" alt=\"\" srcset=\"https:\/\/trindadeyogahostel.com\/wp-content\/uploads\/2025\/03\/website-300x225.png 300w, https:\/\/trindadeyogahostel.com\/wp-content\/uploads\/2025\/03\/website-768x576.png 768w, https:\/\/trindadeyogahostel.com\/wp-content\/uploads\/2025\/03\/website.png 940w\" sizes=\"(max-width: 300px) 100vw, 300px\" \/><\/div><\/a>\n\t\t\t\t<div class=\"elementor-post__badge\">Holistico<\/div>\n\t\t\t\t<div class=\"elementor-post__avatar\">\n\t\t\t<img alt='Yoga Hostel' src='https:\/\/secure.gravatar.com\/avatar\/fdeecd82eac8abdb36b24eadd819cc9f?s=128&#038;d=mm&#038;r=g' srcset='https:\/\/secure.gravatar.com\/avatar\/fdeecd82eac8abdb36b24eadd819cc9f?s=256&#038;d=mm&#038;r=g 2x' class='avatar avatar-128 photo' height='128' width='128' \/>\t\t<\/div>\n\t\t\t\t<div class=\"elementor-post__text\">\n\t\t\t\t<h3 class=\"elementor-post__title\">\n\t\t\t<a href=\"https:\/\/trindadeyogahostel.com\/index.php\/pt\/2025\/03\/13\/reflexologia-cura-atraves-dos-pes\/\" >\n\t\t\t\tReflexologia: Cura Atrav\u00e9s dos P\u00e9s\t\t\t<\/a>\n\t\t<\/h3>\n\t\t\t\t<div class=\"elementor-post__excerpt\">\n\t\t\t<p>A reflexologia \u00e9 uma pr\u00e1tica ancestral que estimula pontos espec\u00edficos nos p\u00e9s, m\u00e3os e orelhas para influenciar diferentes \u00f3rg\u00e3os e sistemas do corpo. Enraizada em<\/p>\n\t\t<\/div>\n\t\t\n\t\t<a class=\"elementor-post__read-more\" href=\"https:\/\/trindadeyogahostel.com\/index.php\/pt\/2025\/03\/13\/reflexologia-cura-atraves-dos-pes\/\" aria-label=\"Read more about Reflexologia: Cura Atrav\u00e9s dos P\u00e9s\" tabindex=\"-1\" >\n\t\t\tRead More \u00bb\t\t<\/a>\n\n\t\t\t\t<\/div>\n\t\t\t\t<div class=\"elementor-post__meta-data\">\n\t\t\t\t\t<span class=\"elementor-post-date\">\n\t\t\t13 de mar\u00e7o de 2025\t\t<\/span>\n\t\t\t\t<span class=\"elementor-post-avatar\">\n\t\t\tNenhum coment\u00e1rio\t\t<\/span>\n\t\t\t\t<\/div>\n\t\t\t\t\t<\/div>\n\t\t<\/article>\n\t\t\t\t<article class=\"elementor-post elementor-grid-item post-3742 post type-post status-publish format-standard has-post-thumbnail hentry category-holistico-pt\">\n\t\t\t<div class=\"elementor-post__card\">\n\t\t\t\t<a class=\"elementor-post__thumbnail__link\" href=\"https:\/\/trindadeyogahostel.com\/index.php\/pt\/2025\/03\/13\/shiatsu-cura-atraves-do-toque\/\" tabindex=\"-1\" ><div class=\"elementor-post__thumbnail\"><img loading=\"lazy\" decoding=\"async\" width=\"300\" height=\"300\" src=\"https:\/\/trindadeyogahostel.com\/wp-content\/uploads\/2024\/03\/Design-sem-nome-3-1-300x300.png\" class=\"attachment-medium size-medium wp-image-3359\" alt=\"\" srcset=\"https:\/\/trindadeyogahostel.com\/wp-content\/uploads\/2024\/03\/Design-sem-nome-3-1-300x300.png 300w, https:\/\/trindadeyogahostel.com\/wp-content\/uploads\/2024\/03\/Design-sem-nome-3-1-1024x1024.png 1024w, https:\/\/trindadeyogahostel.com\/wp-content\/uploads\/2024\/03\/Design-sem-nome-3-1-150x150.png 150w, https:\/\/trindadeyogahostel.com\/wp-content\/uploads\/2024\/03\/Design-sem-nome-3-1-768x768.png 768w, https:\/\/trindadeyogahostel.com\/wp-content\/uploads\/2024\/03\/Design-sem-nome-3-1.png 1200w\" sizes=\"(max-width: 300px) 100vw, 300px\" \/><\/div><\/a>\n\t\t\t\t<div class=\"elementor-post__badge\">Holistico<\/div>\n\t\t\t\t<div class=\"elementor-post__avatar\">\n\t\t\t<img alt='Yoga Hostel' src='https:\/\/secure.gravatar.com\/avatar\/fdeecd82eac8abdb36b24eadd819cc9f?s=128&#038;d=mm&#038;r=g' srcset='https:\/\/secure.gravatar.com\/avatar\/fdeecd82eac8abdb36b24eadd819cc9f?s=256&#038;d=mm&#038;r=g 2x' class='avatar avatar-128 photo' height='128' width='128' \/>\t\t<\/div>\n\t\t\t\t<div class=\"elementor-post__text\">\n\t\t\t\t<h3 class=\"elementor-post__title\">\n\t\t\t<a href=\"https:\/\/trindadeyogahostel.com\/index.php\/pt\/2025\/03\/13\/shiatsu-cura-atraves-do-toque\/\" >\n\t\t\t\tShiatsu: Cura Atrav\u00e9s do Toque\t\t\t<\/a>\n\t\t<\/h3>\n\t\t\t\t<div class=\"elementor-post__excerpt\">\n\t\t\t<p>O Shiatsu \u00e9 uma t\u00e9cnica terap\u00eautica japonesa baseada na Medicina Tradicional Chinesa, cujo objetivo \u00e9 equilibrar o fluxo de energia do corpo atrav\u00e9s da acupress\u00e3o.<\/p>\n\t\t<\/div>\n\t\t\n\t\t<a class=\"elementor-post__read-more\" href=\"https:\/\/trindadeyogahostel.com\/index.php\/pt\/2025\/03\/13\/shiatsu-cura-atraves-do-toque\/\" aria-label=\"Read more about Shiatsu: Cura Atrav\u00e9s do Toque\" tabindex=\"-1\" >\n\t\t\tRead More \u00bb\t\t<\/a>\n\n\t\t\t\t<\/div>\n\t\t\t\t<div class=\"elementor-post__meta-data\">\n\t\t\t\t\t<span class=\"elementor-post-date\">\n\t\t\t13 de mar\u00e7o de 2025\t\t<\/span>\n\t\t\t\t<span class=\"elementor-post-avatar\">\n\t\t\tNenhum coment\u00e1rio\t\t<\/span>\n\t\t\t\t<\/div>\n\t\t\t\t\t<\/div>\n\t\t<\/article>\n\t\t\t\t<article class=\"elementor-post elementor-grid-item post-3713 post type-post status-publish format-standard has-post-thumbnail hentry category-holistico-pt\">\n\t\t\t<div class=\"elementor-post__card\">\n\t\t\t\t<a class=\"elementor-post__thumbnail__link\" href=\"https:\/\/trindadeyogahostel.com\/index.php\/pt\/2025\/02\/25\/5-beneficios-do-reiki\/\" tabindex=\"-1\" ><div class=\"elementor-post__thumbnail\"><img loading=\"lazy\" decoding=\"async\" width=\"300\" height=\"169\" src=\"https:\/\/trindadeyogahostel.com\/wp-content\/uploads\/2025\/02\/Design-sem-nome-300x169.png\" class=\"attachment-medium size-medium wp-image-3721\" alt=\"\" srcset=\"https:\/\/trindadeyogahostel.com\/wp-content\/uploads\/2025\/02\/Design-sem-nome-300x169.png 300w, https:\/\/trindadeyogahostel.com\/wp-content\/uploads\/2025\/02\/Design-sem-nome-1024x576.png 1024w, https:\/\/trindadeyogahostel.com\/wp-content\/uploads\/2025\/02\/Design-sem-nome-768x432.png 768w, https:\/\/trindadeyogahostel.com\/wp-content\/uploads\/2025\/02\/Design-sem-nome-1536x864.png 1536w, https:\/\/trindadeyogahostel.com\/wp-content\/uploads\/2025\/02\/Design-sem-nome-2048x1152.png 2048w\" sizes=\"(max-width: 300px) 100vw, 300px\" \/><\/div><\/a>\n\t\t\t\t<div class=\"elementor-post__badge\">Holistico<\/div>\n\t\t\t\t<div class=\"elementor-post__avatar\">\n\t\t\t<img alt='Yoga Hostel' src='https:\/\/secure.gravatar.com\/avatar\/fdeecd82eac8abdb36b24eadd819cc9f?s=128&#038;d=mm&#038;r=g' srcset='https:\/\/secure.gravatar.com\/avatar\/fdeecd82eac8abdb36b24eadd819cc9f?s=256&#038;d=mm&#038;r=g 2x' class='avatar avatar-128 photo' height='128' width='128' \/>\t\t<\/div>\n\t\t\t\t<div class=\"elementor-post__text\">\n\t\t\t\t<h3 class=\"elementor-post__title\">\n\t\t\t<a href=\"https:\/\/trindadeyogahostel.com\/index.php\/pt\/2025\/02\/25\/5-beneficios-do-reiki\/\" >\n\t\t\t\tO que \u00e9 Reiki e seus 5 Benef\u00edcios energ\u00e9ticos\t\t\t<\/a>\n\t\t<\/h3>\n\t\t\t\t<div class=\"elementor-post__excerpt\">\n\t\t\t<p>Reiki \u00e9 energia, equil\u00edbrio e cura.<br \/>\nNo cora\u00e7\u00e3o da Mata Atl\u00e2ntica, nossa terapeuta Parimala te guia nessa jornada de bem-estar e conex\u00e3o. Agende sua sess\u00e3o!<\/p>\n\t\t<\/div>\n\t\t\n\t\t<a class=\"elementor-post__read-more\" href=\"https:\/\/trindadeyogahostel.com\/index.php\/pt\/2025\/02\/25\/5-beneficios-do-reiki\/\" aria-label=\"Read more about O que \u00e9 Reiki e seus 5 Benef\u00edcios energ\u00e9ticos\" tabindex=\"-1\" >\n\t\t\tRead More \u00bb\t\t<\/a>\n\n\t\t\t\t<\/div>\n\t\t\t\t<div class=\"elementor-post__meta-data\">\n\t\t\t\t\t<span class=\"elementor-post-date\">\n\t\t\t25 de fevereiro de 2025\t\t<\/span>\n\t\t\t\t<span class=\"elementor-post-avatar\">\n\t\t\tNenhum coment\u00e1rio\t\t<\/span>\n\t\t\t\t<\/div>\n\t\t\t\t\t<\/div>\n\t\t<\/article>\n\t\t\t\t<\/div>\n\t\t\n\t\t\t\t<div class=\"e-load-more-anchor\" data-page=\"1\" data-max-page=\"2\" data-next-page=\"https:\/\/trindadeyogahostel.com\/index.php\/wp-json\/wp\/v2\/pages\/3459\/page\/2\/\"><\/div>\n\t\t\t\t<nav class=\"elementor-pagination\" aria-label=\"Pagination\">\n\t\t\t<span aria-current=\"page\" class=\"page-numbers current\"><span class=\"elementor-screen-only\">Page<\/span>1<\/span>\n<a class=\"page-numbers\" href=\"https:\/\/trindadeyogahostel.com\/index.php\/wp-json\/wp\/v2\/pages\/3459\/page\/2\/\"><span class=\"elementor-screen-only\">Page<\/span>2<\/a>\t\t<\/nav>\n\t\t\t\t<\/div>\n\t\t\t\t<\/div>\n\t\t\t\t\t<\/div>\n\t\t\t\t<\/div>\n\t\t\t\t<\/div>\n\t\t","protected":false},"excerpt":{"rendered":"<p>pr\u00f3ximos eventos Descubra o Equil\u00edbrio na Natureza: Eventos no Trindade Sea and Forest Yoga Hostel Adentre nosso santu\u00e1rio natural e explore as maravilhas do equil\u00edbrio e bem-estar. Nossa diversificada gama de eventos, incluindo aulas, workshops, treinamentos e retiros, s\u00e3o projetados para enriquecer sua mente, corpo e alma. Mergulhe na tranquilidade da natureza enquanto participa de [&hellip;]<\/p>\n","protected":false},"author":2,"featured_media":3362,"parent":0,"menu_order":0,"comment_status":"closed","ping_status":"closed","template":"","meta":{"_monsterinsights_skip_tracking":false,"_monsterinsights_sitenote_active":false,"_monsterinsights_sitenote_note":"","_monsterinsights_sitenote_category":0,"footnotes":""},"aioseo_notices":[],"_links":{"self":[{"href":"https:\/\/trindadeyogahostel.com\/index.php\/wp-json\/wp\/v2\/pages\/3459"}],"collection":[{"href":"https:\/\/trindadeyogahostel.com\/index.php\/wp-json\/wp\/v2\/pages"}],"about":[{"href":"https:\/\/trindadeyogahostel.com\/index.php\/wp-json\/wp\/v2\/types\/page"}],"author":[{"embeddable":true,"href":"https:\/\/trindadeyogahostel.com\/index.php\/wp-json\/wp\/v2\/users\/2"}],"replies":[{"embeddable":true,"href":"https:\/\/trindadeyogahostel.com\/index.php\/wp-json\/wp\/v2\/comments?post=3459"}],"version-history":[{"count":44,"href":"https:\/\/trindadeyogahostel.com\/index.php\/wp-json\/wp\/v2\/pages\/3459\/revisions"}],"predecessor-version":[{"id":3884,"href":"https:\/\/trindadeyogahostel.com\/index.php\/wp-json\/wp\/v2\/pages\/3459\/revisions\/3884"}],"wp:featuredmedia":[{"embeddable":true,"href":"https:\/\/trindadeyogahostel.com\/index.php\/wp-json\/wp\/v2\/media\/3362"}],"wp:attachment":[{"href":"https:\/\/trindadeyogahostel.com\/index.php\/wp-json\/wp\/v2\/media?parent=3459"}],"curies":[{"name":"wp","href":"https:\/\/api.w.org\/{rel}","templated":true}]}}