{"id":3764,"date":"2026-03-05T15:39:39","date_gmt":"2026-03-05T18:39:39","guid":{"rendered":"https:\/\/trindadeyogahostel.com\/?page_id=3764"},"modified":"2026-03-05T17:35:26","modified_gmt":"2026-03-05T20:35:26","slug":"nosso-espaco-sagrado","status":"publish","type":"page","link":"https:\/\/trindadeyogahostel.com\/index.php\/nosso-espaco-sagrado\/","title":{"rendered":"Nosso Espa\u00e7o"},"content":{"rendered":"\t\t<div data-elementor-type=\"wp-page\" data-elementor-id=\"3764\" class=\"elementor elementor-3764\" data-elementor-post-type=\"page\">\n\t\t\t\t<div class=\"elementor-element elementor-element-0e51d66 e-flex e-con-boxed e-con e-parent\" data-id=\"0e51d66\" data-element_type=\"container\">\n\t\t\t\t\t<div class=\"e-con-inner\">\n\t\t\t\t<div class=\"elementor-element elementor-element-65cac7c elementor-widget elementor-widget-image\" data-id=\"65cac7c\" data-element_type=\"widget\" data-widget_type=\"image.default\">\n\t\t\t\t<div class=\"elementor-widget-container\">\n\t\t\t<style>\/*! elementor - v3.23.0 - 25-07-2024 *\/\n.elementor-widget-image{text-align:center}.elementor-widget-image a{display:inline-block}.elementor-widget-image a img[src$=\".svg\"]{width:48px}.elementor-widget-image img{vertical-align:middle;display:inline-block}<\/style>\t\t\t\t\t\t\t\t\t\t<img fetchpriority=\"high\" decoding=\"async\" width=\"1920\" height=\"1080\" src=\"https:\/\/trindadeyogahostel.com\/wp-content\/uploads\/2026\/03\/banner-no-smoking-1.png\" class=\"attachment-full size-full wp-image-3772\" alt=\"\" srcset=\"https:\/\/trindadeyogahostel.com\/wp-content\/uploads\/2026\/03\/banner-no-smoking-1.png 1920w, https:\/\/trindadeyogahostel.com\/wp-content\/uploads\/2026\/03\/banner-no-smoking-1-300x169.png 300w, https:\/\/trindadeyogahostel.com\/wp-content\/uploads\/2026\/03\/banner-no-smoking-1-1024x576.png 1024w, https:\/\/trindadeyogahostel.com\/wp-content\/uploads\/2026\/03\/banner-no-smoking-1-768x432.png 768w, https:\/\/trindadeyogahostel.com\/wp-content\/uploads\/2026\/03\/banner-no-smoking-1-1536x864.png 1536w\" sizes=\"(max-width: 1920px) 100vw, 1920px\" \/>\t\t\t\t\t\t\t\t\t\t\t\t\t<\/div>\n\t\t\t\t<\/div>\n\t\t\t\t\t<\/div>\n\t\t\t\t<\/div>\n\t\t<div class=\"elementor-element elementor-element-6536145 e-flex e-con-boxed e-con e-parent\" data-id=\"6536145\" data-element_type=\"container\">\n\t\t\t\t\t<div class=\"e-con-inner\">\n\t\t<div class=\"elementor-element elementor-element-0302ec5 e-con-full e-flex e-con e-child\" data-id=\"0302ec5\" data-element_type=\"container\">\n\t\t\t\t<div class=\"elementor-element elementor-element-f759b7b elementor-align-center elementor-widget elementor-widget-button\" data-id=\"f759b7b\" data-element_type=\"widget\" data-widget_type=\"button.default\">\n\t\t\t\t<div class=\"elementor-widget-container\">\n\t\t\t\t\t<div class=\"elementor-button-wrapper\">\n\t\t\t<a class=\"elementor-button elementor-button-link elementor-size-sm\" href=\"https:\/\/trindadeyogahostel.com\/index.php\/our-space\/\">\n\t\t\t\t\t\t<span class=\"elementor-button-content-wrapper\">\n\t\t\t\t\t\t\t\t\t<span class=\"elementor-button-text\">English Version<\/span>\n\t\t\t\t\t<\/span>\n\t\t\t\t\t<\/a>\n\t\t<\/div>\n\t\t\t\t<\/div>\n\t\t\t\t<\/div>\n\t\t\t\t<\/div>\n\t\t<div class=\"elementor-element elementor-element-729723a e-con-full e-flex e-con e-child\" data-id=\"729723a\" data-element_type=\"container\">\n\t\t\t\t<div class=\"elementor-element elementor-element-515b88c elementor-widget__width-initial elementor-widget elementor-widget-text-editor\" data-id=\"515b88c\" data-element_type=\"widget\" data-widget_type=\"text-editor.default\">\n\t\t\t\t<div class=\"elementor-widget-container\">\n\t\t\t<style>\/*! elementor - v3.23.0 - 25-07-2024 *\/\n.elementor-widget-text-editor.elementor-drop-cap-view-stacked .elementor-drop-cap{background-color:#69727d;color:#fff}.elementor-widget-text-editor.elementor-drop-cap-view-framed .elementor-drop-cap{color:#69727d;border:3px solid;background-color:transparent}.elementor-widget-text-editor:not(.elementor-drop-cap-view-default) .elementor-drop-cap{margin-top:8px}.elementor-widget-text-editor:not(.elementor-drop-cap-view-default) .elementor-drop-cap-letter{width:1em;height:1em}.elementor-widget-text-editor .elementor-drop-cap{float:left;text-align:center;line-height:1;font-size:50px}.elementor-widget-text-editor .elementor-drop-cap-letter{display:inline-block}<\/style>\t\t\t\t<p>Nosso hostel possui uma proposta espec\u00edfica de conviv\u00eancia e cuidado com o espa\u00e7o.<br data-start=\"526\" data-end=\"529\" \/>Ler esta p\u00e1gina garante que sua experi\u00eancia aqui seja exatamente o que voc\u00ea procura.<\/p>\t\t\t\t\t\t<\/div>\n\t\t\t\t<\/div>\n\t\t\t\t<\/div>\n\t\t\t\t\t<\/div>\n\t\t\t\t<\/div>\n\t\t<div class=\"elementor-element elementor-element-765423f e-flex e-con-boxed e-con e-parent\" data-id=\"765423f\" data-element_type=\"container\">\n\t\t\t\t\t<div class=\"e-con-inner\">\n\t\t\t\t<div class=\"elementor-element elementor-element-a492e67 elementor-widget elementor-widget-heading\" data-id=\"a492e67\" data-element_type=\"widget\" data-widget_type=\"heading.default\">\n\t\t\t\t<div class=\"elementor-widget-container\">\n\t\t\t<style>\/*! elementor - v3.23.0 - 25-07-2024 *\/\n.elementor-heading-title{padding:0;margin:0;line-height:1}.elementor-widget-heading .elementor-heading-title[class*=elementor-size-]>a{color:inherit;font-size:inherit;line-height:inherit}.elementor-widget-heading .elementor-heading-title.elementor-size-small{font-size:15px}.elementor-widget-heading .elementor-heading-title.elementor-size-medium{font-size:19px}.elementor-widget-heading .elementor-heading-title.elementor-size-large{font-size:29px}.elementor-widget-heading .elementor-heading-title.elementor-size-xl{font-size:39px}.elementor-widget-heading .elementor-heading-title.elementor-size-xxl{font-size:59px}<\/style><h2 class=\"elementor-heading-title elementor-size-default\">NOSSA FILOSOFIA<\/h2>\t\t<\/div>\n\t\t\t\t<\/div>\n\t\t\t\t<div class=\"elementor-element elementor-element-6284fa4 elementor-widget elementor-widget-text-editor\" data-id=\"6284fa4\" data-element_type=\"widget\" data-widget_type=\"text-editor.default\">\n\t\t\t\t<div class=\"elementor-widget-container\">\n\t\t\t\t\t\t\t<p data-start=\"864\" data-end=\"974\">Estamos em Trindade, um lugar de natureza exuberante.<\/p><p data-start=\"976\" data-end=\"1118\">Dentro do nosso hostel, por\u00e9m, escolhemos cultivar algo um pouco diferente: <strong data-start=\"1052\" data-end=\"1118\">um espa\u00e7o de tranquilidade, presen\u00e7a e conex\u00e3o com a natureza.<\/strong><\/p><p data-start=\"1120\" data-end=\"1169\">Nossa inten\u00e7\u00e3o \u00e9 manter um ambiente que favore\u00e7a:<\/p><p data-start=\"1171\" data-end=\"1295\">\u2022 <strong>descanso profundo<\/strong><br data-start=\"1190\" data-end=\"1193\" \/><strong>\u2022 sil\u00eancio e contempla\u00e7\u00e3o<\/strong><br data-start=\"1218\" data-end=\"1221\" \/><strong>\u2022 pr\u00e1ticas de yoga e bem-estar<\/strong><br data-start=\"1251\" data-end=\"1254\" \/><strong>\u2022 conviv\u00eancia respeitosa entre h\u00f3spedes<\/strong><\/p><p data-start=\"1297\" data-end=\"1435\">Para preservar essa atmosfera, <strong data-start=\"1328\" data-end=\"1435\">n\u00e3o \u00e9 permitido consumir \u00e1lcool, fumar ou utilizar qualquer tipo de entorpecente dentro da propriedade.<\/strong><\/p><p data-start=\"1437\" data-end=\"1669\">Trindade possui bares, festas e diversos ambientes para quem deseja viver essas experi\u00eancias. Por\u00e9m, <strong data-start=\"1538\" data-end=\"1615\">dentro do nosso espa\u00e7o escolhemos manter um ambiente natural e consciente<\/strong>, que apoie quem busca descanso, equil\u00edbrio e conex\u00e3o.<\/p><p data-start=\"1671\" data-end=\"1786\">Essa escolha faz parte do cuidado com o lugar, com a natureza ao redor e com todas as pessoas que se hospedam aqui.<\/p><p data-start=\"1788\" data-end=\"1879\">Se voc\u00ea sente afinidade com essa proposta, <strong data-start=\"1831\" data-end=\"1876\">ser\u00e1 muito bem-vindo(a) ao nosso ref\u00fagio.<\/strong>\u00a0<\/p>\t\t\t\t\t\t<\/div>\n\t\t\t\t<\/div>\n\t\t\t\t<div class=\"elementor-element elementor-element-1fea61a elementor-widget elementor-widget-heading\" data-id=\"1fea61a\" data-element_type=\"widget\" data-widget_type=\"heading.default\">\n\t\t\t\t<div class=\"elementor-widget-container\">\n\t\t\t<h2 class=\"elementor-heading-title elementor-size-default\">PARA QUEM \u00c9 ESTE LUGAR:<\/h2>\t\t<\/div>\n\t\t\t\t<\/div>\n\t\t\t\t<div class=\"elementor-element elementor-element-9da144e elementor-widget elementor-widget-text-editor\" data-id=\"9da144e\" data-element_type=\"widget\" data-widget_type=\"text-editor.default\">\n\t\t\t\t<div class=\"elementor-widget-container\">\n\t\t\t\t\t\t\t<p data-start=\"1878\" data-end=\"1926\">Nosso hostel costuma atrair pessoas que desejam:<\/p><p data-start=\"1928\" data-end=\"2049\">\ud83c\udf3f tranquilidade<br data-start=\"1944\" data-end=\"1947\" \/>\ud83c\udf3f contato profundo com a natureza<br data-start=\"1981\" data-end=\"1984\" \/>\ud83c\udf3f pr\u00e1ticas de yoga e bem-estar<br data-start=\"2015\" data-end=\"2018\" \/>\ud83c\udf3f dias simples e conscientes<\/p><p data-start=\"1928\" data-end=\"2049\"><span style=\"font-size: 1rem;\">\ud83c\udf3finterc\u00e2mbio cultural<\/span><\/p><p data-start=\"1928\" data-end=\"2049\">\u00a0<\/p><p data-start=\"2051\" data-end=\"2122\">Se voc\u00ea sente afinidade com essa proposta, <strong data-start=\"2094\" data-end=\"2122\">ser\u00e1 muito bem-vindo(a).<\/strong><\/p>\t\t\t\t\t\t<\/div>\n\t\t\t\t<\/div>\n\t\t\t\t<div class=\"elementor-element elementor-element-0455b13 elementor-widget elementor-widget-heading\" data-id=\"0455b13\" data-element_type=\"widget\" data-widget_type=\"heading.default\">\n\t\t\t\t<div class=\"elementor-widget-container\">\n\t\t\t<h2 class=\"elementor-heading-title elementor-size-default\">IMPORTANTE!!!<\/h2>\t\t<\/div>\n\t\t\t\t<\/div>\n\t\t\t\t<div class=\"elementor-element elementor-element-b6db06b elementor-widget elementor-widget-text-editor\" data-id=\"b6db06b\" data-element_type=\"widget\" data-widget_type=\"text-editor.default\">\n\t\t\t\t<div class=\"elementor-widget-container\">\n\t\t\t\t\t\t\t<p data-start=\"2143\" data-end=\"2262\">Ao realizar sua reserva, entendemos que voc\u00ea est\u00e1 de acordo com essa proposta de conviv\u00eancia e com as regras do espa\u00e7o.<\/p><p data-start=\"2264\" data-end=\"2338\">Isso nos ajuda a manter o ambiente especial que tantos h\u00f3spedes valorizam.<\/p>\t\t\t\t\t\t<\/div>\n\t\t\t\t<\/div>\n\t\t\t\t\t<\/div>\n\t\t\t\t<\/div>\n\t\t\t\t<\/div>\n\t\t","protected":false},"excerpt":{"rendered":"<p>English Version Nosso hostel possui uma proposta espec\u00edfica de conviv\u00eancia e cuidado com o espa\u00e7o.Ler esta p\u00e1gina garante que sua experi\u00eancia aqui seja exatamente o que voc\u00ea procura. NOSSA FILOSOFIA Estamos em Trindade, um lugar de natureza exuberante. Dentro do nosso hostel, por\u00e9m, escolhemos cultivar algo um pouco diferente: um espa\u00e7o de tranquilidade, presen\u00e7a e [&hellip;]<\/p>\n","protected":false},"author":2,"featured_media":3771,"parent":0,"menu_order":0,"comment_status":"closed","ping_status":"closed","template":"","meta":{"_monsterinsights_skip_tracking":false,"_monsterinsights_sitenote_active":false,"_monsterinsights_sitenote_note":"","_monsterinsights_sitenote_category":0,"footnotes":""},"aioseo_notices":[],"_links":{"self":[{"href":"https:\/\/trindadeyogahostel.com\/index.php\/wp-json\/wp\/v2\/pages\/3764"}],"collection":[{"href":"https:\/\/trindadeyogahostel.com\/index.php\/wp-json\/wp\/v2\/pages"}],"about":[{"href":"https:\/\/trindadeyogahostel.com\/index.php\/wp-json\/wp\/v2\/types\/page"}],"author":[{"embeddable":true,"href":"https:\/\/trindadeyogahostel.com\/index.php\/wp-json\/wp\/v2\/users\/2"}],"replies":[{"embeddable":true,"href":"https:\/\/trindadeyogahostel.com\/index.php\/wp-json\/wp\/v2\/comments?post=3764"}],"version-history":[{"count":35,"href":"https:\/\/trindadeyogahostel.com\/index.php\/wp-json\/wp\/v2\/pages\/3764\/revisions"}],"predecessor-version":[{"id":3820,"href":"https:\/\/trindadeyogahostel.com\/index.php\/wp-json\/wp\/v2\/pages\/3764\/revisions\/3820"}],"wp:featuredmedia":[{"embeddable":true,"href":"https:\/\/trindadeyogahostel.com\/index.php\/wp-json\/wp\/v2\/media\/3771"}],"wp:attachment":[{"href":"https:\/\/trindadeyogahostel.com\/index.php\/wp-json\/wp\/v2\/media?parent=3764"}],"curies":[{"name":"wp","href":"https:\/\/api.w.org\/{rel}","templated":true}]}}